{"id":546,"date":"2024-10-16T05:03:30","date_gmt":"2024-10-16T05:03:30","guid":{"rendered":"https:\/\/kepisgroup.com\/apie-mus\/"},"modified":"2025-06-09T09:58:49","modified_gmt":"2025-06-09T09:58:49","slug":"apie-mus","status":"publish","type":"page","link":"https:\/\/kepisgroup.com\/lt\/apie-mus\/","title":{"rendered":"Apie mus"},"content":{"rendered":"<p>Kepis group si\u016blo ekologi\u0161kas medienos med\u017eiagas ir gaminius, kurie prisideda prie \u0161varesnio ir tvaresnio pasaulio. M\u016bs\u0173 tikslas \u2013 \u017eengti \u012f ateit\u012f su naujais ir novatori\u0161kais, aplinkai draugi\u0161kais medienos gaminiais.<\/p>\n<p>Kepis group yra \u012fmon\u0117, u\u017esiimanti tiek didmenine, tiek ma\u017emenine prekyba novatori\u0161kais ir ekologi\u0161kais medienos gaminiais. Kitas \u012fmon\u0117s veiklos kryptis \u2013 skydini\u0173 ir klijuotos sluoksnin\u0117s medienos (CLT) pastat\u0173 gamyba ir statyba, skirta tiek verslo sektoriui, tiek privatiems klientams. Visi m\u016bs\u0173 medienos gaminiai yra ekologi\u0161ki ir atitinka Europos S\u0105jungos sertifikavimo reikalavimus, u\u017etikrinant auk\u0161t\u0105 produkt\u0173 kokyb\u0119 ir tvarum\u0105.<\/p>\n<p>M\u016bs\u0173 partneri\u0173 tinklas yra platus: bendradarbiaujame su statybos, gamybos ir prekybos \u012fmon\u0117mis, taip pat glaud\u017eiai dirbame su \u012fvairiomis asociacijomis, architektais, interjero dizaineriais ir priva\u010diais asmenimis tiek Europos S\u0105jungoje, tiek u\u017e jos rib\u0173. Toks platus bendradarbiavimas leid\u017eia mums b\u016bti ar\u010diau klient\u0173 ir efektyviai atliepti j\u0173 poreikius.<\/p>\n<p>M\u016bs\u0173 gaminam\u0173 pastat\u0173 privalumai \u2013 greita statyba, ekologi\u0161kumas ir auk\u0161tas energinis efektyvumas. Si\u016blome visapusi\u0161kas paslaugas: nuo pastato projektavimo, s\u0105matos sudarymo, transportavimo iki statybos darb\u0173 kliento pasirinktoje vietoje. Tai suteikia m\u016bs\u0173 klientams ne tik patogum\u0105, bet ir pasitik\u0117jim\u0105, kad visi darbai bus atlikti kokybi\u0161kai ir laiku.<\/p>\n<p>M\u016bs\u0173 komand\u0105 sudaro tik auk\u0161tos kvalifikacijos specialistai, u\u017etikrinantys, kad kiekvienas projektas b\u016bt\u0173 \u012fgyvendintas pagal auk\u0161\u010diausius standartus. Did\u017eiuojam\u0117s skland\u017eiu preki\u0173 tiekimu ir nepriekai\u0161tingu klient\u0173 aptarnavimu, kuris yra m\u016bs\u0173 verslo pagrindas.<\/p>\n<p>\u012emon\u0117s ateit\u012f siejame su nuolatin\u0117mis investicijomis \u012f nauj\u0173, novatori\u0161k\u0173 ir ekologi\u0161kai orientuot\u0173 medienos gamini\u0173 prekyb\u0105 ir gamyb\u0105. Tai leis mums ne tik sekti rinkos tendencijas, bet ir daryti teigiam\u0105 poveik\u012f aplinkai, suteikiant klientams galimyb\u0119 naudotis pa\u017eangiausiais sprendimais j\u0173 projektams.<\/p>\n<p>Ie\u0161kote patikimo medienos gamini\u0173 tiek\u0117jo? Susisiekite su mumis el. pa\u0161tu info@kepisgroup.com ir su\u017einokite, kaip galime prisid\u0117ti prie j\u016bs\u0173 projekto.<\/p>\n","protected":false},"excerpt":{"rendered":"<p>Kepis group si\u016blo ekologi\u0161kas medienos med\u017eiagas ir gaminius, kurie prisideda prie \u0161varesnio ir tvaresnio pasaulio. M\u016bs\u0173 tikslas \u2013 \u017eengti \u012f ateit\u012f su naujais ir novatori\u0161kais, aplinkai draugi\u0161kais medienos gaminiais. Kepis group yra \u012fmon\u0117, u\u017esiimanti tiek didmenine, tiek ma\u017emenine prekyba novatori\u0161kais ir ekologi\u0161kais medienos gaminiais. Kitas \u012fmon\u0117s veiklos kryptis \u2013 skydini\u0173 ir klijuotos sluoksnin\u0117s medienos (CLT) [&hellip;]<\/p>\n","protected":false},"author":1,"featured_media":0,"parent":0,"menu_order":0,"comment_status":"closed","ping_status":"closed","template":"template-about.php","meta":{"_acf_changed":false,"inline_featured_image":false,"footnotes":""},"class_list":["post-546","page","type-page","status-publish","hentry"],"acf":[],"_links":{"self":[{"href":"https:\/\/kepisgroup.com\/lt\/wp-json\/wp\/v2\/pages\/546","targetHints":{"allow":["GET"]}}],"collection":[{"href":"https:\/\/kepisgroup.com\/lt\/wp-json\/wp\/v2\/pages"}],"about":[{"href":"https:\/\/kepisgroup.com\/lt\/wp-json\/wp\/v2\/types\/page"}],"author":[{"embeddable":true,"href":"https:\/\/kepisgroup.com\/lt\/wp-json\/wp\/v2\/users\/1"}],"replies":[{"embeddable":true,"href":"https:\/\/kepisgroup.com\/lt\/wp-json\/wp\/v2\/comments?post=546"}],"version-history":[{"count":3,"href":"https:\/\/kepisgroup.com\/lt\/wp-json\/wp\/v2\/pages\/546\/revisions"}],"predecessor-version":[{"id":2057,"href":"https:\/\/kepisgroup.com\/lt\/wp-json\/wp\/v2\/pages\/546\/revisions\/2057"}],"wp:attachment":[{"href":"https:\/\/kepisgroup.com\/lt\/wp-json\/wp\/v2\/media?parent=546"}],"curies":[{"name":"wp","href":"https:\/\/api.w.org\/{rel}","templated":true}]}}