{"id":528,"date":"2024-10-16T05:15:53","date_gmt":"2024-10-16T05:15:53","guid":{"rendered":"https:\/\/kepisgroup.com\/paslaugu-teikimo-salygos\/"},"modified":"2025-01-07T15:19:34","modified_gmt":"2025-01-07T15:19:34","slug":"paslaugu-teikimo-salygos","status":"publish","type":"page","link":"https:\/\/kepisgroup.com\/lt\/paslaugu-teikimo-salygos\/","title":{"rendered":"Paslaug\u0173 teikimo s\u0105lygos"},"content":{"rendered":"<ol>\n<li>Bendros Nuostatos\n<ol>\n<li>Naudodamiesi \u0161ia svetaine, J\u016bs sutinkate su \u0161iais naudojimosi taisykl\u0117mis.<\/li>\n<li>Svetain\u0117s savininkas turi teis\u0119 bet kuriuo metu atnaujinti ar keisti taisykles be i\u0161ankstinio \u012fsp\u0117jimo.<\/li>\n<\/ol>\n<\/li>\n<li>Intelektin\u0117 Nuosavyb\u0117\n<ol>\n<li>Visa svetain\u0117je pateikta informacija, turinys ir med\u017eiaga (tekstai, vaizdai, logotipai ir kt.) yra saugoma autorini\u0173 teisi\u0173 ir kit\u0173 nuosavyb\u0117s teisi\u0173.<\/li>\n<li>Be ra\u0161ti\u0161ko svetain\u0117s savininko sutikimo, med\u017eiagos kopijavimas, atgaminimas ar platinimas yra draud\u017eiamas.<\/li>\n<\/ol>\n<\/li>\n<li>Naudojimosi Taisykl\u0117s\n<ol>\n<li>J\u016bs \u012fsipareigojate naudotis svetaine tik teis\u0117tiems tikslams ir nepa\u017eeisti joki\u0173 teis\u0117s akt\u0173.<\/li>\n<li>Draud\u017eiama pateikti ar skelbti turin\u012f, kuris yra neteis\u0117tas, \u012f\u017eeid\u017eiantis, grasinantis, \u0161mei\u017eiki\u0161kas ar kitaip pa\u017eeid\u017eiantis kit\u0173 asmen\u0173 teises.<\/li>\n<\/ol>\n<\/li>\n<li>Atsakomyb\u0117s Apribojimas\n<ol>\n<li>Svetain\u0117s savininkas neatsako u\u017e galimus nuostolius ar \u017eal\u0105, kilusi\u0105 d\u0117l svetain\u0117s naudojimo ar negal\u0117jimo ja naudotis.<\/li>\n<li>Svetain\u0117s savininkas neatsako u\u017e tre\u010di\u0173j\u0173 \u0161ali\u0173 svetain\u0117se pateikt\u0105 informacij\u0105, \u012f kuri\u0105 gali b\u016bti nukreipta svetain\u0117s turinys.<\/li>\n<\/ol>\n<\/li>\n<li>Privatumas ir Duomen\u0173 Apsauga\n<ol>\n<li>Svetain\u0117s savininkas gerbia J\u016bs\u0173 privatum\u0105 ir \u012fsipareigoja saugoti asmens duomenis pagal galiojan\u010dius teis\u0117s aktus.<\/li>\n<li>Naudotoj\u0173 asmens duomenys yra renkami ir tvarkomi tik numatytais tikslais.<\/li>\n<\/ol>\n<\/li>\n<li>Taisykl\u0117s Pa\u017eeidimas\n<ol>\n<li>Svetain\u0117s savininkas pasilieka teis\u0119 apriboti prieig\u0105 prie svetain\u0117s, jei vartotojas pa\u017eeid\u017eia naudojimosi taisykles.<\/li>\n<li>Esant rimtam pa\u017eeidimui, gali b\u016bti imamasi teisini\u0173 veiksm\u0173.<\/li>\n<\/ol>\n<\/li>\n<li>Baigiamosios Nuostatos\n<ol>\n<li>\u0160ios taisykl\u0117s sudaromos ir taikomos pagal Lietuvos Respublikos teis\u0119.<\/li>\n<li>Gin\u010dai, kil\u0119 d\u0117l \u0161i\u0173 taisykli\u0173, sprend\u017eiami Lietuvos Respublikos teismuose.<\/li>\n<\/ol>\n<\/li>\n<\/ol>\n","protected":false},"excerpt":{"rendered":"<p>Bendros Nuostatos Naudodamiesi \u0161ia svetaine, J\u016bs sutinkate su \u0161iais naudojimosi taisykl\u0117mis. Svetain\u0117s savininkas turi teis\u0119 bet kuriuo metu atnaujinti ar keisti taisykles be i\u0161ankstinio \u012fsp\u0117jimo. Intelektin\u0117 Nuosavyb\u0117 Visa svetain\u0117je pateikta informacija, turinys ir med\u017eiaga (tekstai, vaizdai, logotipai ir kt.) yra saugoma autorini\u0173 teisi\u0173 ir kit\u0173 nuosavyb\u0117s teisi\u0173. Be ra\u0161ti\u0161ko svetain\u0117s savininko sutikimo, med\u017eiagos kopijavimas, atgaminimas [&hellip;]<\/p>\n","protected":false},"author":1,"featured_media":0,"parent":0,"menu_order":0,"comment_status":"closed","ping_status":"closed","template":"template-text-2.php","meta":{"_acf_changed":false,"inline_featured_image":false,"footnotes":""},"class_list":["post-528","page","type-page","status-publish","hentry"],"acf":[],"_links":{"self":[{"href":"https:\/\/kepisgroup.com\/lt\/wp-json\/wp\/v2\/pages\/528","targetHints":{"allow":["GET"]}}],"collection":[{"href":"https:\/\/kepisgroup.com\/lt\/wp-json\/wp\/v2\/pages"}],"about":[{"href":"https:\/\/kepisgroup.com\/lt\/wp-json\/wp\/v2\/types\/page"}],"author":[{"embeddable":true,"href":"https:\/\/kepisgroup.com\/lt\/wp-json\/wp\/v2\/users\/1"}],"replies":[{"embeddable":true,"href":"https:\/\/kepisgroup.com\/lt\/wp-json\/wp\/v2\/comments?post=528"}],"version-history":[{"count":1,"href":"https:\/\/kepisgroup.com\/lt\/wp-json\/wp\/v2\/pages\/528\/revisions"}],"predecessor-version":[{"id":1871,"href":"https:\/\/kepisgroup.com\/lt\/wp-json\/wp\/v2\/pages\/528\/revisions\/1871"}],"wp:attachment":[{"href":"https:\/\/kepisgroup.com\/lt\/wp-json\/wp\/v2\/media?parent=528"}],"curies":[{"name":"wp","href":"https:\/\/api.w.org\/{rel}","templated":true}]}}